{"id":5212,"date":"2021-08-25T07:26:28","date_gmt":"2021-08-25T07:26:28","guid":{"rendered":"http:\/\/dummy.xtemos.com\/woodmart2\/?page_id=5212"},"modified":"2026-04-10T05:41:28","modified_gmt":"2026-04-10T05:41:28","slug":"about-us","status":"publish","type":"page","link":"https:\/\/xyy.cn\/pt\/about-us\/","title":{"rendered":"Sobre n\u00f3s"},"content":{"rendered":"<div class=\"wpb-content-wrapper\"><div class=\"vc_row wpb_row vc_row-fluid vc_custom_1775126467310 row-reverse-mobile row-reverse-tablet wd-rs-69ce47aedf2a3\"><div class=\"wpb_column vc_column_container vc_col-sm-6 vc_col-lg-6 vc_col-md-6 wd-rs-6125f30edad72\"><div class=\"vc_column-inner vc_custom_1629877010833\"><div class=\"wpb_wrapper\">\t\t<div id=\"wd-69a55d6365d96\" class=\"wd-image wd-wpb wd-rs-69a55d6365d96 text-center vc_custom_1772446194604\">\n\t\t\t\n\t\t\t<img loading=\"lazy\" decoding=\"async\" width=\"1920\" height=\"1080\" src=\"https:\/\/xyy.cn\/wp-content\/uploads\/2026\/03\/\u5fae\u4fe1\u56fe\u7247_20260302153342_1891_81.png\" class=\"attachment-full size-full\" alt=\"\" srcset=\"https:\/\/xyy.cn\/wp-content\/uploads\/2026\/03\/\u5fae\u4fe1\u56fe\u7247_20260302153342_1891_81.png 1920w, https:\/\/xyy.cn\/wp-content\/uploads\/2026\/03\/\u5fae\u4fe1\u56fe\u7247_20260302153342_1891_81-430x242.png 430w, https:\/\/xyy.cn\/wp-content\/uploads\/2026\/03\/\u5fae\u4fe1\u56fe\u7247_20260302153342_1891_81-200x113.png 200w, https:\/\/xyy.cn\/wp-content\/uploads\/2026\/03\/\u5fae\u4fe1\u56fe\u7247_20260302153342_1891_81-700x394.png 700w, https:\/\/xyy.cn\/wp-content\/uploads\/2026\/03\/\u5fae\u4fe1\u56fe\u7247_20260302153342_1891_81-400x225.png 400w, https:\/\/xyy.cn\/wp-content\/uploads\/2026\/03\/\u5fae\u4fe1\u56fe\u7247_20260302153342_1891_81-1300x731.png 1300w, https:\/\/xyy.cn\/wp-content\/uploads\/2026\/03\/\u5fae\u4fe1\u56fe\u7247_20260302153342_1891_81-768x432.png 768w, https:\/\/xyy.cn\/wp-content\/uploads\/2026\/03\/\u5fae\u4fe1\u56fe\u7247_20260302153342_1891_81-1536x864.png 1536w, https:\/\/xyy.cn\/wp-content\/uploads\/2026\/03\/\u5fae\u4fe1\u56fe\u7247_20260302153342_1891_81-860x484.png 860w\" sizes=\"auto, (max-width: 1920px) 100vw, 1920px\" \/>\n\t\t\t\t\t<\/div>\n\t\t<\/div><\/div><\/div><div class=\"wpb_column vc_column_container vc_col-sm-6 vc_col-lg-offset-1 vc_col-lg-5 vc_col-md-6 vc_col-xs-12 wd-rs-6125f320eb687\"><div class=\"vc_column-inner vc_custom_1629877027060\"><div class=\"wpb_wrapper\">\n\t\t<div id=\"wd-69a55cef89407\" class=\"title-wrapper wd-wpb set-mb-s reset-last-child  wd-rs-69a55cef89407 wd-title-color-primary wd-title-style-default text-left vc_custom_1772444934340 wd-underline-colored\">\n\t\t\t\t\t\t\t<div class=\"title-subtitle  subtitle-color-primary font-default subtitle-style-default wd-font-weight-600 wd-fontsize-xs\">Um legado de qualidade e inova\u00e7\u00e3o<\/div>\n\t\t\t\n\t\t\t<div class=\"liner-continer\">\n\t\t\t\t<h4 class=\"woodmart-title-container title  wd-font-weight- wd-fontsize-xxl\" >Xiyingying (Fujian) Garment Weaving Co., Ltd<\/h4>\n\t\t\t\t\t\t\t<\/div>\n\t\t\t\n\t\t\t\n\t\t\t\n\t\t<\/div>\n\t\t\n\t\t\t\t<div id=\"wd-69a55ce85e3fb\" class=\"wd-text-block wd-wpb reset-last-child wd-rs-69a55ce85e3fb text-left wd-fontsize-custom\">\n\t\t\t<p>A Xiyingying (Fujian) Garment Weaving Co., Ltd. \u00e9 uma empresa integrada de manufatura e com\u00e9rcio com quase 30 anos de experi\u00eancia no setor de vestu\u00e1rio. Localizada na cidade de Shishi, prov\u00edncia de Fujian - um dos mais importantes centros de fabrica\u00e7\u00e3o de vestu\u00e1rio da China - a empresa \u00e9 especializada em design de vestu\u00e1rio, produ\u00e7\u00e3o, com\u00e9rcio internacional e integra\u00e7\u00e3o da cadeia de suprimentos, oferecendo aos clientes globais solu\u00e7\u00f5es completas de fabrica\u00e7\u00e3o de vestu\u00e1rio, desde o desenvolvimento at\u00e9 a entrega.<\/p>\n<p>Operamos uma moderna base de produ\u00e7\u00e3o pr\u00f3pria que abrange aproximadamente 16.000 metros quadrados e empregamos mais de 200 profissionais qualificados, garantindo escala e precis\u00e3o em nossas opera\u00e7\u00f5es. Nosso compromisso com a inova\u00e7\u00e3o se reflete em nossa equipe independente de P&amp;D e design, que monitora constantemente as tend\u00eancias da moda internacional para oferecer modelos de produ\u00e7\u00e3o OEM, ODM e personalizados de ponta.<\/p>\n\t\t<\/div>\n\t\t<\/div><\/div><\/div><\/div><div class=\"vc_row wpb_row vc_row-fluid\"><div class=\"wpb_column vc_column_container vc_col-sm-12\"><div class=\"vc_column-inner\"><div class=\"wpb_wrapper\">\n\t<div class=\"wpb_raw_code wpb_raw_html wpb_content_element\" >\n\t\t<div class=\"wpb_wrapper\">\n\t\t\t<section id=\"our-strengths\" class=\"section-bg-light\">\r\n    <div class=\"container\">\r\n      <h2>Nossos principais pontos fortes<\/h2>\r\n      <div class=\"strengths-grid\">\r\n        <div class=\"strength-item\">\r\n         \r\n          <h3>Base de produ\u00e7\u00e3o moderna<\/h3>\r\n          <p>Nossa moderna base de produ\u00e7\u00e3o pr\u00f3pria abrange aproximadamente 16.000 metros quadrados, projetada para uma fabrica\u00e7\u00e3o eficiente e de alta qualidade.<\/p>\r\n        <\/div>\r\n        <div class=\"strength-item\">\r\n         \r\n          <h3>Profissionais qualificados<\/h3>\r\n          <p>Uma equipe dedicada de mais de 200 profissionais qualificados garante um trabalho artesanal meticuloso e excel\u00eancia operacional.<\/p>\r\n        <\/div>\r\n        <div class=\"strength-item\">\r\n         \r\n          <h3>Alta capacidade de produ\u00e7\u00e3o<\/h3>\r\n          <p>Uma capacidade de produ\u00e7\u00e3o anual de at\u00e9 4 milh\u00f5es de pe\u00e7as\/conjuntos, capaz de lidar com pedidos de m\u00e9dio a grande volume com estabilidade.<\/p>\r\n        <\/div>\r\n        <div class=\"strength-item\">\r\n         \r\n          <h3>P&amp;D e design independentes<\/h3>\r\n          <p>Nossa equipe interna de P&amp;D permanece \u00e0 frente das tend\u00eancias internacionais de moda e mercado, oferecendo solu\u00e7\u00f5es inovadoras de OEM, ODM e personalizadas.<\/p>\r\n        <\/div>\r\n      <\/div>\r\n    <\/div>\r\n  <\/section>\r\n  \r\n   <section id=\"corporate-culture\">\r\n    <div class=\"container\">\r\n      <h2>Nossa vis\u00e3o e valores<\/h2>\r\n      <div class=\"culture-text\">\r\n        <h3>Valores essenciais: Inova\u00e7\u00e3o, qualidade, custo, desenvolvimento<\/h3>\r\n        <ul>\r\n          <li><strong>Inova\u00e7\u00e3o cont\u00ednua:<\/strong> Desenvolvimento constante de novos produtos para atender \u00e0 evolu\u00e7\u00e3o das demandas do mercado e das necessidades dos clientes.<\/li>\r\n          <li><strong>Aprimoramento da qualidade:<\/strong> Comprometidos com produtos de qualidade superior, trabalho excelente e servi\u00e7o excepcional para obter benef\u00edcios econ\u00f4micos ideais.<\/li>\r\n          <li><strong>Controle de custos:<\/strong> Gerenciamento de custos cient\u00edfico e racional para aumentar a competitividade do produto.<\/li>\r\n          <li><strong>Desenvolvimento sustent\u00e1vel:<\/strong> Melhoria cont\u00ednua do nosso sistema de gerenciamento de qualidade para atender \u00e0s expectativas dos clientes e garantir o crescimento a longo prazo.<\/li>\r\n        <\/ul>\r\n        <h3>Pol\u00edtica de responsabilidade social:<\/h3>\r\n        <p>Orienta\u00e7\u00e3o para as pessoas, conformidade com as normas, melhoria cont\u00ednua e retribui\u00e7\u00e3o \u00e0 sociedade.<\/p>\r\n      <\/div>\r\n    <\/div>\r\n  <\/section>\r\n  <style>\r\n#our-strengths .container {\r\n  max-width: 1440px;\r\n  margin: auto;\r\n}\r\n\r\n#our-strengths h2 {\r\n  text-align: center;\r\n  font-size: 34px;\r\n  font-weight: 600;\r\n  margin-bottom: 60px;\r\n  color: #111;\r\n  letter-spacing: 0.5px;\r\n}\r\n\r\n\/* GRID *\/\r\n#our-strengths .strengths-grid {\r\n  display: grid;\r\n  grid-template-columns: repeat(auto-fit, minmax(260px, 1fr));\r\n  gap: 30px;\r\n}\r\n\r\n\/* CARD *\/\r\n#our-strengths .strength-item {\r\n  padding: 40px 28px;\r\n  border-radius: 14px;\r\n  text-align: center;\r\n  transition: all 0.35s ease;\r\n  border: 1px solid #eee;\r\n  position: relative;\r\n}\r\n\r\n\/* subtle hover *\/\r\n#our-strengths .strength-item:hover {\r\n  transform: translateY(-8px);\r\n  box-shadow: 0 18px 40px rgba(0,0,0,0.08);\r\n  border-color: #e5e7eb;\r\n}\r\n\r\n\/* ICON *\/\r\n#our-strengths .strength-item img {\r\n  width: 64px;\r\n  height: 64px;\r\n  object-fit: contain;\r\n  margin-bottom: 20px;\r\n}\r\n\r\n\/* TITLE *\/\r\n#our-strengths .strength-item h3 {\r\n  font-size: 20px;\r\n  margin-bottom: 14px;\r\n  color: #111827;\r\n  font-weight: 600;\r\n}\r\n\r\n\/* TEXT *\/\r\n#our-strengths .strength-item p {\r\n  font-size: 15px;\r\n  line-height: 1.7;\r\n  color: #6b7280;\r\n}\r\n\r\n\r\n#corporate-culture .container {\r\n  max-width: 1440px;\r\n  margin: auto;\r\n}\r\n\r\n#corporate-culture h2 {\r\n  text-align: center;\r\n  font-size: 34px;\r\n  margin-bottom: 60px;\r\n  color: #111;\r\n}\r\n\r\n\/* MAIN BOX *\/\r\n#corporate-culture .culture-text {\r\n\r\n  padding: 50px;\r\n  border-radius: 16px;\r\n}\r\n\r\n\/* SUB TITLES *\/\r\n#corporate-culture h3 {\r\n  font-size: 22px;\r\n  margin-bottom: 20px;\r\n  color: #111827;\r\n  font-weight: 600;\r\n}\r\n\r\n\/* LIST *\/\r\n#corporate-culture ul {\r\n  padding-left: 0;\r\n  margin-bottom: 35px;\r\n}\r\n\r\n#corporate-culture ul li {\r\n  list-style: none;\r\n  position: relative;\r\n  padding-left: 28px;\r\n  margin-bottom: 16px;\r\n  color: #4b5563;\r\n  line-height: 1.7;\r\n  font-size: 15px;\r\n}\r\n\r\n\r\n\r\n\/* RESPONSIBILITY TEXT *\/\r\n#corporate-culture p {\r\n  font-size: 16px;\r\n  color: #374151;\r\n  line-height: 1.8;\r\n}\r\n\r\n\r\n\/* ===============================\r\n   RESPONSIVE\r\n=================================*\/\r\n@media (max-width: 768px) {\r\n\r\n  #our-strengths {\r\n    padding: 60px 15px;\r\n  }\r\n\r\n  #corporate-culture {\r\n    padding: 60px 15px;\r\n  }\r\n\r\n  #corporate-culture .culture-text {\r\n    padding: 30px;\r\n  }\r\n\r\n  #our-strengths h2,\r\n  #corporate-culture h2 {\r\n    font-size: 26px;\r\n  }\r\n}<\/style>\n\t\t<\/div>\n\t<\/div>\n<\/div><\/div><\/div><\/div><div class=\"vc_row wpb_row vc_row-fluid\"><div class=\"wpb_column vc_column_container vc_col-sm-12\"><div class=\"vc_column-inner\"><div class=\"wpb_wrapper\">\n\t<div class=\"wpb_raw_code wpb_raw_html wpb_content_element\" >\n\t\t<div class=\"wpb_wrapper\">\n\t\t\t<!-- Why Clients Choose Long-Term Partnership -->\r\n  <section id=\"why-long-term-cooperation\">\r\n    <div class=\"container animate-on-scroll\">\r\n      <h2>Por que os clientes escolhem a parceria de longo prazo<\/h2>\r\n      <div class=\"grid-container\">\r\n        <div class=\"card animate-on-scroll\" style=\"--delay:0s;\"><h4>30 anos de experi\u00eancia<\/h4><p>Quase 30 anos de experi\u00eancia em P&amp;D e fabrica\u00e7\u00e3o de vestu\u00e1rio.<\/p><\/div>\r\n        <div class=\"card animate-on-scroll\" style=\"--delay:0.1s;\"><h4>Base de produ\u00e7\u00e3o robusta<\/h4><p>Base de produ\u00e7\u00e3o pr\u00f3pria de 16000\u33a1, com capacidade anual de at\u00e9 4 milh\u00f5es de pe\u00e7as.<\/p><\/div>\r\n        <div class=\"card animate-on-scroll\" style=\"--delay:0.2s;\"><h4>Certifica\u00e7\u00f5es internacionais<\/h4><p>Certifica\u00e7\u00f5es de sistemas internacionais ISO9001, ISO14001, ISO45001 e SA8000.<\/p><\/div>\r\n        <div class=\"card animate-on-scroll\" style=\"--delay:0.3s;\"><h4>Expertise no mercado brasileiro<\/h4><p>Mais de 10 anos de experi\u00eancia no mercado brasileiro, entendendo os canais sul-americanos e as necessidades dos consumidores.<\/p><\/div>\r\n        <div class=\"card animate-on-scroll\" style=\"--delay:0.4s;\"><h4>Cadeia de suprimentos madura<\/h4><p>Recursos maduros de integra\u00e7\u00e3o da cadeia de suprimentos e registros de entrega est\u00e1veis.<\/p><\/div>\r\n      <\/div>\r\n    <\/div>\r\n  <\/section>\r\n\r\n  <!-- New: Image Gallery\/Showcase Section -->\r\n    <section id=\"image-gallery\" class=\"section-bg-light\" style=\"background-color:white !important\">\r\n        <div class=\"container\">\r\n            <h2 class=\"animate-on-scroll\">Nossas instala\u00e7\u00f5es e equipe em a\u00e7\u00e3o<\/h2>\r\n            <p class=\"lead animate-on-scroll\">Um vislumbre de nossa moderna base de produ\u00e7\u00e3o, tecnologia avan\u00e7ada e equipe qualificada que impulsiona nosso sucesso.<\/p>\r\n            <div class=\"gallery-grid\">\r\n                <div class=\"gallery-item animate-on-scroll\" style=\"--delay:0s;\">\r\n                    <img decoding=\"async\" src=\"\/wp-content\/uploads\/2026\/03\/\u56fe\u7247-4-2.png\" alt=\"Factory Floor 1\">\r\n                    <div class=\"overlay\">Linhas de costura modernas<\/div>\r\n                <\/div>\r\n                <div class=\"gallery-item animate-on-scroll\" style=\"--delay:0.1s;\">\r\n                    <img decoding=\"async\" src=\"\/wp-content\/uploads\/2026\/03\/\u56fe\u7247-2-1.png\" alt=\"R&D Team\">\r\n                    <div class=\"overlay\">Equipe inovadora de P&amp;D<\/div>\r\n                <\/div>\r\n                <div class=\"gallery-item animate-on-scroll\" style=\"--delay:0.2s;\">\r\n                    <img decoding=\"async\" src=\"\/wp-content\/uploads\/2026\/03\/\u56fe\u7247-6-1.png\" alt=\"Quality Control\">\r\n                    <div class=\"overlay\">Rigoroso controle de qualidade<\/div>\r\n                <\/div>\r\n                <div class=\"gallery-item animate-on-scroll\" style=\"--delay:0.3s;\">\r\n                    <img decoding=\"async\" src=\"\/wp-content\/uploads\/2026\/03\/\u56fe\u7247-5-2.png\" alt=\"Warehouse\">\r\n                    <div class=\"overlay\">Armazenamento eficiente<\/div>\r\n                <\/div>\r\n              \r\n                <div class=\"gallery-item animate-on-scroll\" style=\"--delay:0.5s;\">\r\n                    <img decoding=\"async\" src=\"\/wp-content\/uploads\/2026\/03\/\u56fe\u7247-3-1.png\" alt=\"Design Studio\">\r\n                    <div class=\"overlay\">Est\u00fadio de design criativo<\/div>\r\n                <\/div>\r\n            <\/div>\r\n        <\/div>\r\n    <\/section>\r\n\n\t\t<\/div>\n\t<\/div>\n<\/div><\/div><\/div><\/div>\n<\/div>","protected":false},"excerpt":{"rendered":"A Legacy of Quality and Innovation Xiyingying (Fujian) Garment Weaving Co., Ltd Xiyingying (Fujian) Garment Weaving Co., Ltd. is an","protected":false},"author":1,"featured_media":0,"parent":0,"menu_order":0,"comment_status":"closed","ping_status":"closed","template":"","meta":{"footnotes":""},"class_list":["post-5212","page","type-page","status-publish","hentry"],"_hostinger_reach_plugin_has_subscription_block":false,"_hostinger_reach_plugin_is_elementor":false,"_links":{"self":[{"href":"https:\/\/xyy.cn\/pt\/wp-json\/wp\/v2\/pages\/5212","targetHints":{"allow":["GET"]}}],"collection":[{"href":"https:\/\/xyy.cn\/pt\/wp-json\/wp\/v2\/pages"}],"about":[{"href":"https:\/\/xyy.cn\/pt\/wp-json\/wp\/v2\/types\/page"}],"author":[{"embeddable":true,"href":"https:\/\/xyy.cn\/pt\/wp-json\/wp\/v2\/users\/1"}],"replies":[{"embeddable":true,"href":"https:\/\/xyy.cn\/pt\/wp-json\/wp\/v2\/comments?post=5212"}],"version-history":[{"count":14,"href":"https:\/\/xyy.cn\/pt\/wp-json\/wp\/v2\/pages\/5212\/revisions"}],"predecessor-version":[{"id":9986,"href":"https:\/\/xyy.cn\/pt\/wp-json\/wp\/v2\/pages\/5212\/revisions\/9986"}],"wp:attachment":[{"href":"https:\/\/xyy.cn\/pt\/wp-json\/wp\/v2\/media?parent=5212"}],"curies":[{"name":"wp","href":"https:\/\/api.w.org\/{rel}","templated":true}]}}