{"id":5288,"date":"2021-08-25T09:00:10","date_gmt":"2021-08-25T09:00:10","guid":{"rendered":"http:\/\/dummy.xtemos.com\/woodmart2\/?page_id=5288"},"modified":"2026-04-02T09:22:42","modified_gmt":"2026-04-02T09:22:42","slug":"contact-us","status":"publish","type":"page","link":"https:\/\/xyy.cn\/pt\/contact-us\/","title":{"rendered":"Entre em contato conosco"},"content":{"rendered":"<div class=\"wpb-content-wrapper\"><div class=\"vc_row wpb_row vc_row-fluid vc_custom_1775121753499 vc_row-o-equal-height vc_row-flex wd-rs-69ce35539c9a5\"><div class=\"wpb_column vc_column_container vc_col-sm-12 vc_col-lg-6 vc_col-md-6 vc_col-has-fill wd-rs-69bba604c9781\"><div class=\"vc_column-inner vc_custom_1773905425919\"><div class=\"wpb_wrapper\">\n\t<div class=\"wpb_raw_code wpb_raw_html wpb_content_element\" >\n\t\t<div class=\"wpb_wrapper\">\n\t\t\t<section id=\"contact-info-section\">\r\n    <div class=\"container content-two-col\">\r\n      <div class=\"contact-details\">\r\n        <h2>Nossos dados de contato<\/h2>\r\n        <p>Fique \u00e0 vontade para entrar em contato conosco diretamente por telefone ou e-mail, ou visite nossa sede na cidade de Shishi.<\/p>\r\n        <div class=\"detail-item\">\r\n          <span style=\"font-size:14px;font-weight:700;margin-right:5px\">Escrit\u00f3rio principal : <\/span>\r\n          <p>+86-595-88811328<\/p>\r\n          <\/br>\r\n           <span style=\"font-size:14px;font-weight:700;margin-right:5px\">Vendas : <\/span>\r\n          <p>+86-15375756686<\/p>\r\n        <\/div>\r\n        <div class=\"detail-item\">\r\n            <\/br>\r\n          <span style=\"font-size:14px;font-weight:700;margin-right:5px\">E-mail : <\/span>\r\n          <p><a href=\"mailto:info@xyy.cn\">info@xyy.cn<\/a><\/p>\r\n        <\/div>\r\n        <div class=\"detail-item\">\r\n       <\/br>\r\n          <span style=\"font-size:14px;font-weight:700;margin-right:5px\">Endere\u00e7o : <\/span>\r\n          <p>Xiyingying (Fujian) Garment Weaving Co., Ltd.<\/p>\r\n          <p>Cidade de Shishi, prov\u00edncia de Fujian, China<\/p>\r\n        <\/div>\r\n<\/div>\r\n      <\/div>\r\n<\/section>\r\n<style>\r\n@media(max-width:500px){\r\n    #contact-info-section{padding:0}\r\n    \r\n}\r\n#contact-info-section .detail-item {\r\n    display: unset;}\r\n<\/style>\n\t\t<\/div>\n\t<\/div>\n<\/div><\/div><\/div><div class=\"wpb_column vc_column_container vc_col-sm-12 vc_col-lg-6 vc_col-md-6 wd-rs-69bba7dfea0df\"><div class=\"vc_column-inner vc_custom_1773905904190\"><div class=\"wpb_wrapper\">\n\t\t<div id=\"wd-69de16f7ee853\" class=\"title-wrapper wd-wpb set-mb-s reset-last-child  wd-title-color-default wd-title-style-default text-left  wd-underline-colored\">\n\t\t\t\t\t\t\t<div class=\"title-subtitle  subtitle-color-default font-default subtitle-style-default wd-font-weight- wd-fontsize-xs\">INFORMA\u00c7\u00d5ES SOBRE N\u00d3S<\/div>\n\t\t\t\n\t\t\t<div class=\"liner-continer\">\n\t\t\t\t<h4 class=\"woodmart-title-container title  wd-font-weight- wd-fontsize-l\" >ENTRE EM CONTATO CONOSCO PARA QUALQUER D\u00daVIDA<\/h4>\n\t\t\t\t\t\t\t<\/div>\n\t\t\t\n\t\t\t\n\t\t\t\n\t\t<\/div>\n\t\t\n\t\t\n<div class=\"wpcf7 no-js\" id=\"wpcf7-f1938-o1\" lang=\"en-US\" dir=\"ltr\" data-wpcf7-id=\"1938\">\n<div class=\"screen-reader-response\"><p role=\"status\" aria-live=\"polite\" aria-atomic=\"true\"><\/p> <ul><\/ul><\/div>\n<form action=\"\/pt\/wp-json\/wp\/v2\/pages\/5288#wpcf7-f1938-o1\" method=\"post\" class=\"wpcf7-form init\" aria-label=\"Contact form\" novalidate=\"novalidate\" data-status=\"init\" data-trp-original-action=\"\/pt\/wp-json\/wp\/v2\/pages\/5288#wpcf7-f1938-o1\">\n<fieldset class=\"hidden-fields-container\"><input type=\"hidden\" name=\"_wpcf7\" value=\"1938\" \/><input type=\"hidden\" name=\"_wpcf7_version\" value=\"6.1.5\" \/><input type=\"hidden\" name=\"_wpcf7_locale\" value=\"en_US\" \/><input type=\"hidden\" name=\"_wpcf7_unit_tag\" value=\"wpcf7-f1938-o1\" \/><input type=\"hidden\" name=\"_wpcf7_container_post\" value=\"0\" \/><input type=\"hidden\" name=\"_wpcf7_posted_data_hash\" value=\"\" \/>\n<\/fieldset>\n<div class=\"row\">\n\t<p class=\"col-md-6\"><label>Seu nome<\/label><span class=\"wpcf7-form-control-wrap\" data-name=\"your-name\"><input size=\"40\" maxlength=\"400\" class=\"wpcf7-form-control wpcf7-text wpcf7-validates-as-required\" aria-required=\"true\" aria-invalid=\"false\" value=\"\" type=\"text\" name=\"your-name\" \/><\/span>\n\t<\/p>\n\t<p class=\"col-md-6\"><label>Seu e-mail<\/label><span class=\"wpcf7-form-control-wrap\" data-name=\"your-email\"><input size=\"40\" maxlength=\"400\" class=\"wpcf7-form-control wpcf7-email wpcf7-validates-as-required wpcf7-text wpcf7-validates-as-email\" aria-required=\"true\" aria-invalid=\"false\" value=\"\" type=\"email\" name=\"your-email\" \/><\/span>\n\t<\/p>\n<\/div>\n<div class=\"row\">\n\t<p class=\"col-md-6\"><label>N\u00famero de telefone<\/label><span class=\"wpcf7-form-control-wrap\" data-name=\"tel-767\"><input size=\"40\" maxlength=\"400\" class=\"wpcf7-form-control wpcf7-tel wpcf7-text wpcf7-validates-as-tel\" aria-invalid=\"false\" value=\"\" type=\"tel\" name=\"tel-767\" \/><\/span>\n\t<\/p>\n\t<p class=\"col-md-6\"><label>Empresa<\/label><span class=\"wpcf7-form-control-wrap\" data-name=\"text-1\"><input size=\"40\" maxlength=\"400\" class=\"wpcf7-form-control wpcf7-text\" aria-invalid=\"false\" value=\"\" type=\"text\" name=\"text-1\" \/><\/span>\n\t<\/p>\n<\/div>\n<p><label>Sua mensagem<\/label><span class=\"wpcf7-form-control-wrap\" data-name=\"your-message\"><textarea cols=\"40\" rows=\"10\" maxlength=\"2000\" class=\"wpcf7-form-control wpcf7-textarea\" aria-invalid=\"false\" name=\"your-message\"><\/textarea><\/span>\n<\/p>\n<p><input class=\"wpcf7-form-control wpcf7-submit has-spinner btn-color-black\" type=\"submit\" value=\"FA\u00c7A UMA PERGUNTA\" \/>\n<\/p><div class=\"wpcf7-response-output\" aria-hidden=\"true\"><\/div>\n<input type=\"hidden\" name=\"trp-form-language\" value=\"pt\"\/><\/form>\n<\/div>\n<\/div><\/div><\/div><\/div>\n<\/div>","protected":false},"excerpt":{"rendered":"Our Contact Details Feel free to reach out to us directly via phone or email, or visit our headquarters in","protected":false},"author":1,"featured_media":0,"parent":0,"menu_order":0,"comment_status":"closed","ping_status":"closed","template":"","meta":{"footnotes":""},"class_list":["post-5288","page","type-page","status-publish","hentry"],"_hostinger_reach_plugin_has_subscription_block":false,"_hostinger_reach_plugin_is_elementor":false,"_links":{"self":[{"href":"https:\/\/xyy.cn\/pt\/wp-json\/wp\/v2\/pages\/5288","targetHints":{"allow":["GET"]}}],"collection":[{"href":"https:\/\/xyy.cn\/pt\/wp-json\/wp\/v2\/pages"}],"about":[{"href":"https:\/\/xyy.cn\/pt\/wp-json\/wp\/v2\/types\/page"}],"author":[{"embeddable":true,"href":"https:\/\/xyy.cn\/pt\/wp-json\/wp\/v2\/users\/1"}],"replies":[{"embeddable":true,"href":"https:\/\/xyy.cn\/pt\/wp-json\/wp\/v2\/comments?post=5288"}],"version-history":[{"count":25,"href":"https:\/\/xyy.cn\/pt\/wp-json\/wp\/v2\/pages\/5288\/revisions"}],"predecessor-version":[{"id":9963,"href":"https:\/\/xyy.cn\/pt\/wp-json\/wp\/v2\/pages\/5288\/revisions\/9963"}],"wp:attachment":[{"href":"https:\/\/xyy.cn\/pt\/wp-json\/wp\/v2\/media?parent=5288"}],"curies":[{"name":"wp","href":"https:\/\/api.w.org\/{rel}","templated":true}]}}