{"id":9493,"date":"2026-03-02T10:32:22","date_gmt":"2026-03-02T10:32:22","guid":{"rendered":"https:\/\/xyy.cn\/?page_id=9493"},"modified":"2026-03-28T01:50:10","modified_gmt":"2026-03-28T01:50:10","slug":"services","status":"publish","type":"page","link":"https:\/\/xyy.cn\/pt\/services\/","title":{"rendered":"Nossos servi\u00e7os"},"content":{"rendered":"<div class=\"wpb-content-wrapper\"><div data-vc-full-width=\"true\" data-vc-full-width-temp=\"true\" data-vc-full-width-init=\"false\" data-vc-stretch-content=\"true\" class=\"vc_row wpb_row vc_row-fluid wd-rs-69c733a9bdff5 wd-section-stretch-content\"><div class=\"wpb_column vc_column_container vc_col-sm-12\"><div class=\"vc_column-inner\"><div class=\"wpb_wrapper\">\n\t<div class=\"wpb_raw_code wpb_raw_html wpb_content_element\" >\n\t\t<div class=\"wpb_wrapper\">\n\t\t\t\r\n  <!-- Service Process Section - Reiterate or link to contact page process -->\r\n    <!-- Service Process Summary -->\r\n  <section id=\"service-process\" class=\"section-bg-light\">\r\n    <div class=\"container\">\r\n      <div class=\"section-header\">\r\n        <h2>Nosso processo de servi\u00e7o<\/h2>\r\n        <p>Etapas simples, transparentes e profissionais para dar vida a seus designs de vestu\u00e1rio.<\/p>\r\n      <\/div>\r\n\r\n      <div class=\"process-wrapper\">\r\n        <!-- Step 1 -->\r\n        <div class=\"process-card\">\r\n          <div class=\"process-number-wrap\">\r\n            <span class=\"process-number\">01<\/span>\r\n            <div class=\"process-line\"><\/div>\r\n          <\/div>\r\n          <div class=\"process-text\">\r\n            <h4>Consulta<\/h4>\r\n            <p>Discuta as necessidades do produto, o mercado-alvo e a funcionalidade. Obtenha orienta\u00e7\u00e3o especializada sobre design, tecido e artesanato.<\/p>\r\n          <\/div>\r\n        <\/div>\r\n\r\n        <!-- Step 2 -->\r\n        <div class=\"process-card\">\r\n          <div class=\"process-number-wrap\">\r\n            <span class=\"process-number\">02<\/span>\r\n            <div class=\"process-line\"><\/div>\r\n          <\/div>\r\n          <div class=\"process-text\">\r\n            <h4>Confirma\u00e7\u00e3o<\/h4>\r\n            <p>Aprova\u00e7\u00e3o de amostras, assinatura de contratos e liquida\u00e7\u00e3o de dep\u00f3sitos. As amostras de pr\u00e9-produ\u00e7\u00e3o s\u00e3o enviadas para aprova\u00e7\u00e3o final.<\/p>\r\n          <\/div>\r\n        <\/div>\r\n\r\n        <!-- Step 3 -->\r\n        <div class=\"process-card\">\r\n          <div class=\"process-number-wrap\">\r\n            <span class=\"process-number\">03<\/span>\r\n            <div class=\"process-line\"><\/div>\r\n          <\/div>\r\n          <div class=\"process-text\">\r\n            <h4>Produ\u00e7\u00e3o<\/h4>\r\n            <p>A produ\u00e7\u00e3o em massa \u00e9 iniciada sob um rigoroso controle de qualidade, seguindo as amostras confirmadas e as especifica\u00e7\u00f5es t\u00e9cnicas em todas as etapas.<\/p>\r\n          <\/div>\r\n        <\/div>\r\n\r\n        <!-- Step 4 -->\r\n        <div class=\"process-card\">\r\n          <div class=\"process-number-wrap\">\r\n            <span class=\"process-number\">04<\/span>\r\n          <\/div>\r\n          <div class=\"process-text\">\r\n            <h4>Log\u00edstica<\/h4>\r\n            <p>Envio pontual pelo m\u00e9todo de sua prefer\u00eancia, seguido de suporte p\u00f3s-venda cont\u00ednuo e feedback.<\/p>\r\n          <\/div>\r\n        <\/div>\r\n      <\/div>\r\n    <\/div>\r\n  <\/section>\r\n<section id=\"customization-oem-odm\">\r\n    <div class=\"container content-two-col\">\r\n      <div class=\"text-content\">\r\n        <h2>Servi\u00e7os de personaliza\u00e7\u00e3o e OEM\/ODM<\/h2>\r\n        <p>Nossos recursos maduros de produ\u00e7\u00e3o personalizada suportam totalmente as parcerias de OEM (Original Equipment Manufacturing), ODM (Original Design Manufacturing) e personaliza\u00e7\u00e3o de pequenos lotes.<\/p>\r\n        <p>Na fase de pr\u00e9-venda, nossas equipes profissionais de vendas e de P&amp;D se comunicam de forma completa para fornecer recomenda\u00e7\u00f5es sistem\u00e1ticas sobre design de estilo, sele\u00e7\u00e3o de tecidos e otimiza\u00e7\u00e3o de processos. Isso garante que a solu\u00e7\u00e3o do produto se alinhe \u00e0s demandas do mercado e seja altamente execut\u00e1vel, reduzindo efetivamente os riscos de aquisi\u00e7\u00e3o para nossos clientes.<\/p>\r\n        <ul>\r\n          <li>OEM completo (fabrica\u00e7\u00e3o com base em seus projetos)<\/li>\r\n          <li>Servi\u00e7os abrangentes de ODM (design e fabrica\u00e7\u00e3o)<\/li>\r\n          <li> Personaliza\u00e7\u00e3o flex\u00edvel de pequenos lotes<\/li>\r\n          <li>Desenvolvimento especializado de tecidos e design de padr\u00f5es<\/li>\r\n        <\/ul>\r\n      <\/div>\r\n      <div class=\"image-content\">\r\n        <img decoding=\"async\" src=\"\/wp-content\/uploads\/2026\/03\/89a1f9ab-4a75-426a-9d62-18a9ca19356b1.png\" alt=\"OEM ODM Services\">\r\n      <\/div>\r\n    <\/div>\r\n  <\/section>\r\n\r\n  <section id=\"quality-control\" class=\"section-bg-light\">\r\n    <div class=\"container content-two-col reverse-order\">\r\n      <div class=\"image-content\">\r\n        <img decoding=\"async\" src=\"\/wp-content\/uploads\/2026\/03\/3f08f5e3-ec8c-41a1-ae08-11de1cf7756f1.png\" alt=\"Strict Quality Control\">\r\n      <\/div>\r\n      <div class=\"text-content\">\r\n        <h2>Rigoroso controle de qualidade e garantia de produ\u00e7\u00e3o<\/h2>\r\n        <p>Estabelecemos um sistema abrangente de gerenciamento de qualidade, que abrange v\u00e1rios pontos de verifica\u00e7\u00e3o de controle de qualidade em todo o processo de produ\u00e7\u00e3o, incluindo inspe\u00e7\u00e3o de mat\u00e9ria-prima, inspe\u00e7\u00e3o durante o processo e amostragem do produto acabado. Isso garante a qualidade consistente e est\u00e1vel do produto.<\/p>\r\n        <p>Todos os pedidos s\u00e3o executados em estrita conformidade com as amostras e os requisitos t\u00e9cnicos confirmados. Tamb\u00e9m apoiamos inspe\u00e7\u00f5es de terceiros para garantir que a qualidade da entrega atenda aos padr\u00f5es do mercado internacional, proporcionando-lhe tranquilidade.<\/p>\r\n        <ul>\r\n          <li>Inspe\u00e7\u00e3o de mat\u00e9ria-prima<\/li>\r\n          <li>Monitoramento da qualidade na produ\u00e7\u00e3o<\/li>\r\n          <li>Inspe\u00e7\u00f5es aleat\u00f3rias de produtos acabados<\/li>\r\n          <li>Suporte para auditorias de qualidade de terceiros<\/li>\r\n        <\/ul>\r\n      <\/div>\r\n    <\/div>\r\n  <\/section>\r\n\r\n  <section id=\"packaging-delivery\">\r\n    <div class=\"container content-two-col\">\r\n      <div class=\"text-content\">\r\n        <h2>Suporte para embalagem e entrega de produtos<\/h2>\r\n        <p>Oferecemos solu\u00e7\u00f5es de embalagem diversificadas, adaptadas a v\u00e1rios requisitos de mercado e canal, incluindo embalagens para com\u00e9rcio eletr\u00f4nico, embalagens para varejo, r\u00f3tulos personalizados e instru\u00e7\u00f5es multil\u00edngues.<\/p>\r\n        <p>Aproveitando nossa cadeia de suprimentos madura e nossos recursos de colabora\u00e7\u00e3o log\u00edstica, garantimos o empacotamento seguro dos produtos e a entrega no prazo, melhorando, assim, a efici\u00eancia geral de compras e vendas para nossos clientes. Nosso objetivo \u00e9 otimizar sua cadeia de suprimentos, desde o ch\u00e3o de f\u00e1brica at\u00e9 as m\u00e3os do cliente.<\/p>\r\n        <ul>\r\n          <li>Solu\u00e7\u00f5es de embalagem para com\u00e9rcio eletr\u00f4nico e varejo<\/li>\r\n          <li> Etiquetas personalizadas e instru\u00e7\u00f5es multil\u00edngues<\/li>\r\n          <li> Log\u00edstica otimizada e gerenciamento da cadeia de suprimentos<\/li>\r\n          <li>Entrega global confi\u00e1vel e dentro do prazo<\/li>\r\n        <\/ul>\r\n      <\/div>\r\n      <div class=\"image-content\">\r\n        <img decoding=\"async\" src=\"\/wp-content\/uploads\/2026\/03\/1e0c0670-912c-4ae0-9e83-b84bee979fbf1.png\" alt=\"Packaging and Delivery\">\r\n      <\/div>\r\n    <\/div>\r\n  <\/section>\r\n\r\n  <section id=\"after-sales-support\" class=\"section-bg-light\">\r\n    <div class=\"container content-two-col reverse-order\">\r\n      <div class=\"image-content\">\r\n        <img decoding=\"async\" src=\"\/wp-content\/uploads\/2026\/03\/Generated-Image-March-02-2026-6_48PM1.png\" alt=\"After Sales Support\">\r\n      <\/div>\r\n      <div class=\"text-content\">\r\n        <h2>Resposta p\u00f3s-venda e parceria de longo prazo<\/h2>\r\n        <p>Valorizamos muito os relacionamentos colaborativos de longo prazo. Estabelecemos mecanismos claros de comunica\u00e7\u00e3o e feedback p\u00f3s-venda, fornecendo respostas e solu\u00e7\u00f5es em tempo h\u00e1bil para a execu\u00e7\u00e3o de pedidos e quaisquer problemas p\u00f3s-venda.<\/p>\r\n        <p>Nosso compromisso \u00e9 otimizar continuamente a experi\u00eancia de coopera\u00e7\u00e3o, ajudando nossos clientes a alcan\u00e7ar um desenvolvimento est\u00e1vel e sustent\u00e1vel. Seu sucesso \u00e9 nossa prioridade, e nos esfor\u00e7amos para ser mais do que apenas um fornecedor - nosso objetivo \u00e9 ser um parceiro estrat\u00e9gico de longo prazo.<\/p>\r\n        <ul>\r\n          <li>Comunica\u00e7\u00e3o p\u00f3s-venda \u00e1gil<\/li>\r\n          <li>Resolu\u00e7\u00e3o r\u00e1pida de problemas<\/li>\r\n          <li>Melhoria cont\u00ednua da experi\u00eancia da parceria<\/li>\r\n          <li>Dedicado ao seu crescimento sustent\u00e1vel<\/li>\r\n        <\/ul>\r\n      <\/div>\r\n    <\/div>\r\n  <\/section>\r\n\r\n\r\n  <style>\/* Service Process Section *\/\r\n  .section-header {\r\n    text-align: center;\r\n    margin-bottom: 60px;\r\n  }\r\n\r\n  .section-header h2 {\r\n    font-size: 2.2rem;\r\n    color: #333;\r\n    margin-bottom: 15px;\r\n    position: relative;\r\n  }\r\n\r\n  .section-header h2::after {\r\n    content: '';\r\n    display: block;\r\n    width: 60px;\r\n    height: 3px;\r\n    background: #D2010D;\r\n    margin: 10px auto 0;\r\n  }\r\n\r\n  .process-wrapper {\r\n    display: flex;\r\n    justify-content: space-between;\r\n    gap: 20px;\r\n  }\r\n\r\n  .process-card {\r\n    flex: 1;\r\n    position: relative;\r\n    text-align: center;\r\n  }\r\n\r\n  .process-number-wrap {\r\n    display: flex;\r\n    align-items: center;\r\n    justify-content: center;\r\n    margin-bottom: 25px;\r\n    position: relative;\r\n  }\r\n\r\n  .process-number {\r\n    width: 60px;\r\n    height: 60px;\r\n    background: #fff;\r\n    border: 2px solid #D2010D;\r\n    color: #D2010D;\r\n    border-radius: 50%;\r\n    display: flex;\r\n    align-items: center;\r\n    justify-content: center;\r\n    font-weight: 800;\r\n    font-size: 1.2rem;\r\n    z-index: 2;\r\n    transition: 0.3s;\r\n    box-shadow: 0 4px 10px rgba(0,0,0,0.05);\r\n  }\r\n\r\n  \/* \u8fde\u63a5\u7ebf *\/\r\n  .process-line {\r\n    position: absolute;\r\n    height: 2px;\r\n    background: #dee2e6;\r\n    width: 100%;\r\n    left: 50%;\r\n    top: 50%;\r\n    transform: translateY(-50%);\r\n    z-index: 1;\r\n  }\r\n\r\n  .process-card:hover .process-number {\r\n    background: #D2010D;\r\n    color: #fff;\r\n    transform: scale(1.1);\r\n  }\r\n\r\n  .process-text h4 {\r\n    font-size: 1.15rem;\r\n    color: #333;\r\n    margin-bottom: 12px;\r\n    min-height: 2.4em; \/* \u4fdd\u6301\u6807\u9898\u5bf9\u9f50 *\/\r\n    display: flex;\r\n    align-items: center;\r\n    justify-content: center;\r\n  }\r\n\r\n  .process-text p {\r\n    font-size: 0.95rem;\r\n    color: #666;\r\n    line-height: 1.6;\r\n    padding: 0 10px;\r\n  }\r\n\r\n  \/* \u79fb\u52a8\u7aef\u9002\u914d *\/\r\n  @media (max-width: 991px) {\r\n    .process-wrapper {\r\n      flex-direction: column;\r\n      gap: 40px;\r\n      padding-left: 30px;\r\n    }\r\n\r\n    .process-card {\r\n      display: flex;\r\n      text-align: left;\r\n      align-items: flex-start;\r\n      gap: 20px;\r\n    }\r\n\r\n    .process-number-wrap {\r\n      margin-bottom: 0;\r\n    }\r\n\r\n    .process-line {\r\n      width: 2px;\r\n      height: 100%;\r\n      left: 50%;\r\n      top: 100%;\r\n    }\r\n\r\n    .process-text h4 {\r\n      min-height: auto;\r\n      justify-content: flex-start;\r\n      margin-top: 15px;\r\n    }\r\n  }<\/style>\r\n\n\t\t<\/div>\n\t<\/div>\n<\/div><\/div><\/div><\/div><div class=\"vc_row-full-width vc_clearfix\"><\/div><div data-vc-full-width=\"true\" data-vc-full-width-temp=\"true\" data-vc-full-width-init=\"false\" data-vc-stretch-content=\"true\" class=\"vc_row wpb_row vc_row-fluid vc_row-no-padding wd-rs-69a56c324c3e9 wd-section-stretch-content-no-pd\"><div class=\"wpb_column vc_column_container vc_col-sm-12\"><div class=\"vc_column-inner\"><div class=\"wpb_wrapper\">\n\t<div class=\"wpb_raw_code wpb_raw_html wpb_content_element\" >\n\t\t<div class=\"wpb_wrapper\">\n\t\t\t\r\n  <section id=\"cta-services\" class=\"section-bg-light\" style=\"background:white\"> \r\n    <div class=\"container\">\r\n      <h2>Pronto para ter um parceiro de fabrica\u00e7\u00e3o confi\u00e1vel?<\/h2>\r\n      <p>Vamos discutir como a Xiyingying Garment pode atender \u00e0s suas necessidades de produ\u00e7\u00e3o de vestu\u00e1rio com nossos servi\u00e7os especializados.<\/p>\r\n      <a href=\"\/pt\/contact-us\/\" class=\"btn btn-primary\" style=\"color:#D2010D\">Entre em contato com nossa equipe de vendas<\/a>\r\n    <\/div>\r\n  <\/section>\n\t\t<\/div>\n\t<\/div>\n<\/div><\/div><\/div><\/div><div class=\"vc_row-full-width vc_clearfix\"><\/div>\n<\/div>","protected":false},"excerpt":{"rendered":"Our Service Process Simple, transparent, and professional steps to bring your apparel designs to life. 01 Consultation Discuss product needs,","protected":false},"author":1,"featured_media":0,"parent":0,"menu_order":0,"comment_status":"closed","ping_status":"closed","template":"","meta":{"footnotes":""},"class_list":["post-9493","page","type-page","status-publish","hentry"],"_hostinger_reach_plugin_has_subscription_block":false,"_hostinger_reach_plugin_is_elementor":false,"_links":{"self":[{"href":"https:\/\/xyy.cn\/pt\/wp-json\/wp\/v2\/pages\/9493","targetHints":{"allow":["GET"]}}],"collection":[{"href":"https:\/\/xyy.cn\/pt\/wp-json\/wp\/v2\/pages"}],"about":[{"href":"https:\/\/xyy.cn\/pt\/wp-json\/wp\/v2\/types\/page"}],"author":[{"embeddable":true,"href":"https:\/\/xyy.cn\/pt\/wp-json\/wp\/v2\/users\/1"}],"replies":[{"embeddable":true,"href":"https:\/\/xyy.cn\/pt\/wp-json\/wp\/v2\/comments?post=9493"}],"version-history":[{"count":6,"href":"https:\/\/xyy.cn\/pt\/wp-json\/wp\/v2\/pages\/9493\/revisions"}],"predecessor-version":[{"id":9572,"href":"https:\/\/xyy.cn\/pt\/wp-json\/wp\/v2\/pages\/9493\/revisions\/9572"}],"wp:attachment":[{"href":"https:\/\/xyy.cn\/pt\/wp-json\/wp\/v2\/media?parent=9493"}],"curies":[{"name":"wp","href":"https:\/\/api.w.org\/{rel}","templated":true}]}}