{"id":9505,"date":"2026-03-02T11:00:26","date_gmt":"2026-03-02T11:00:26","guid":{"rendered":"https:\/\/xyy.cn\/?page_id=9505"},"modified":"2026-03-20T05:59:52","modified_gmt":"2026-03-20T05:59:52","slug":"case","status":"publish","type":"page","link":"https:\/\/xyy.cn\/pt\/case\/","title":{"rendered":"Caso"},"content":{"rendered":"<div class=\"wpb-content-wrapper\"><div data-vc-full-width=\"true\" data-vc-full-width-temp=\"true\" data-vc-full-width-init=\"false\" data-vc-stretch-content=\"true\" class=\"vc_row wpb_row vc_row-fluid vc_custom_1773915427964 vc_row-no-padding wd-rs-69bbcd1d1b630 wd-section-stretch-content-no-pd\"><div class=\"wpb_column vc_column_container vc_col-sm-12 wd-rs-69bbccad8ebe8\"><div class=\"vc_column-inner\"><div class=\"wpb_wrapper\">\n\t<div class=\"wpb_raw_code wpb_raw_html wpb_content_element\" >\n\t\t<div class=\"wpb_wrapper\">\n\t\t\t<main id=\"xyy-case-page\">\r\n  <!-- NEW MODULE: Impact Dashboard (Replacing Banner) -->\r\n  <section class=\"xyy-impact-header\">\r\n    <div class=\"xyy-container\">\r\n      <div class=\"animate-on-scroll\">\r\n        <h1 class=\"xyy-main-h2\" style=\"color:black; font-size: 3.2rem;\">Nossas hist\u00f3rias globais de sucesso<\/h1>\r\n        <p class=\"xyy-impact-lead\">30 anos de excel\u00eancia em fabrica\u00e7\u00e3o. Fornecemos recursos de fabrica\u00e7\u00e3o est\u00e1veis e confi\u00e1veis e atuamos como um parceiro confi\u00e1vel de longo prazo por meio de nosso profundo conhecimento dos mercados globais.<\/p>\r\n      <\/div>\r\n\r\n      <div class=\"xyy-impact-grid\">\r\n        <div class=\"xyy-impact-stat animate-on-scroll\" style=\"--delay: 0.1s;\">\r\n          <h3>30+<\/h3>\r\n          <p>Anos de experi\u00eancia<\/p>\r\n        <\/div>\r\n        <div class=\"xyy-impact-stat animate-on-scroll\" style=\"--delay: 0.2s;\">\r\n          <h3>4M+<\/h3>\r\n          <p>Capacidade anual (unidades)<\/p>\r\n        <\/div>\r\n        <div class=\"xyy-impact-stat animate-on-scroll\" style=\"--delay: 0.3s;\">\r\n          <h3>10+<\/h3>\r\n          <p>Anos no mercado brasileiro<\/p>\r\n        <\/div>\r\n        <div class=\"xyy-impact-stat animate-on-scroll\" style=\"--delay: 0.4s;\">\r\n          <h3>16k<\/h3>\r\n          <p>Base de produ\u00e7\u00e3o (\u33a1)<\/p>\r\n        <\/div>\r\n      <\/div>\r\n    <\/div>\r\n  <\/section>\r\n\r\n  <!-- Client Types -->\r\n  <section class=\"xyy-section xyy-bg-light\">\r\n    <div class=\"xyy-container xyy-center\">\r\n      <h2 class=\"xyy-main-h2 animate-on-scroll\">Parcerias estrat\u00e9gicas<\/h2>\r\n      <div class=\"xyy-type-grid\">\r\n        <div class=\"xyy-type-card animate-on-scroll\">\r\n          <svg t=\"1772593315829\" class=\"icon\" viewbox=\"0 0 1024 1024\" version=\"1.1\" xmlns=\"http:\/\/www.w3.org\/2000\/svg\" p-id=\"4842\" width=\"55\" height=\"55\"><path d=\"M896 382.1568h-768a25.6 25.6 0 0 0 0 51.2h43.6736l44.8 381.3376c0 39.8336 29.2352 72.2432 65.2288 72.2432h460.5952c35.9424 0 65.2288-32.4096 65.0752-69.7344l44.9536-383.8976h43.6736a25.6 25.6 0 0 0 0-51.1488z m-135.1168 432.5376c0 16.0256-9.7792 27.1872-18.5856 27.1872H281.7024c-8.7552 0-18.5856-11.1616-18.7392-29.696L218.624 433.3568h586.8032l-44.544 381.3376z\" p-id=\"4843\" fill=\"#D2010D\"><\/path><path d=\"M390.7584 740.5568a25.6 25.6 0 0 0 25.6-25.6v-153.6a25.6 25.6 0 0 0-51.2 0v153.6a25.6 25.6 0 0 0 25.6 25.6zM518.3488 740.5568a25.6 25.6 0 0 0 25.6-25.6v-153.6a25.6 25.6 0 0 0-51.2 0v153.6a25.6 25.6 0 0 0 25.6 25.6zM645.9904 740.5568a25.6 25.6 0 0 0 25.6-25.6v-153.6a25.6 25.6 0 0 0-51.2 0v153.6a25.6 25.6 0 0 0 25.6 25.6zM707.9936 345.7536a25.6 25.6 0 1 0 41.8816-29.4912l-118.6304-168.3456a25.6 25.6 0 1 0-41.8816 29.4912l118.6304 168.3456zM316.0064 345.7536l118.6304-168.3456a25.6 25.6 0 0 0-41.8304-29.4912L274.1248 316.2624a25.6 25.6 0 1 0 41.8816 29.4912z\" p-id=\"4844\" fill=\"#D2010D\"><\/path><\/svg>\r\n          <h3>Grandes grupos varejistas<\/h3>\r\n          <p>Gerenciamento de conformidade rigorosa e cronogramas de entrega em larga escala para sistemas de varejo em todo o pa\u00eds.<\/p>\r\n          <a href=\"#case-havan\" style=\"color:var(--xyy-red); font-weight:700; text-decoration:none; margin-top:15px; display:inline-block;\">Estudo de caso \u2192<\/a>\r\n        <\/div>\r\n        <div class=\"xyy-type-card animate-on-scroll\">\r\n          <img decoding=\"async\" src=\"https:\/\/img.icons8.com\/ios-filled\/100\/D2010D\/clothes.png\" alt=\"Brands\">\r\n          <h3>Marcas de vestu\u00e1rio<\/h3>\r\n          <p>Servi\u00e7os personalizados ODM\/OEM e desenvolvimento de s\u00e9ries sazonais para marcas locais e internacionais.<\/p>\r\n        <\/div>\r\n        <div class=\"xyy-type-card animate-on-scroll\">\r\n          <img decoding=\"async\" src=\"https:\/\/img.icons8.com\/ios-filled\/100\/D2010D\/globe.png\" alt=\"Wholesalers\">\r\n          <h3>Atacadistas internacionais<\/h3>\r\n          <p>Produ\u00e7\u00e3o econ\u00f4mica e de grande volume para distribuidores regionais da Europa e do Oriente M\u00e9dio.<\/p>\r\n        <\/div>\r\n        <div class=\"xyy-type-card animate-on-scroll\">\r\n          <img decoding=\"async\" src=\"https:\/\/img.icons8.com\/ios-filled\/100\/D2010D\/online-store.png\" alt=\"E-commerce\">\r\n          <h3>Canais de com\u00e9rcio eletr\u00f4nico<\/h3>\r\n          <p>Solu\u00e7\u00f5es de cadeia de suprimentos localizadas para resposta r\u00e1pida e estoque flex\u00edvel na Am\u00e9rica do Sul.<\/p>\r\n        <\/div>\r\n      <\/div>\r\n    <\/div>\r\n  <\/section>\r\n\r\n  <!-- Case Study 1: Havan -->\r\n  <section id=\"case-havan\" class=\"xyy-section\">\r\n    <div class=\"xyy-container\">\r\n      <div class=\"animate-on-scroll\">\r\n        <h2 class=\"xyy-main-h2\">Estudo de caso | Havan: a gigante do varejo no Brasil<\/h2>\r\n        <div class=\"xyy-meta-bar\">\r\n          <div class=\"xyy-meta-item\"><label>Mercado<\/label><span>Brasil \/ Am\u00e9rica do Sul<\/span><\/div>\r\n          <div class=\"xyy-meta-item\"><label>Parceria<\/label><span>Fabrica\u00e7\u00e3o OEM \/ ODM<\/span><\/div>\r\n          <div class=\"xyy-meta-item\"><label>Produtos<\/label><span>Roupa casual b\u00e1sica<\/span><\/div>\r\n        <\/div>\r\n      <\/div>\r\n\r\n      <div class=\"xyy-row animate-on-scroll\">\r\n        <div class=\"xyy-col-text\">\r\n          <h2>Vis\u00e3o geral do projeto<\/h2>\r\n          <p>Como a principal cadeia de varejo do Brasil, a Havan exige os mais altos n\u00edveis de conformidade de auditoria de fornecedores. A Xiyingying se integrou com sucesso em seu sistema por meio da fabrica\u00e7\u00e3o padronizada e da adapta\u00e7\u00e3o ao mercado.<\/p>\r\n          <ul class=\"xyy-check-list\">\r\n            <li>Passou por rigorosas auditorias de Responsabilidade Social (SA8000) e Qualidade.<\/li>\r\n            <li>Propor\u00e7\u00f5es de tamanho otimizadas para o tipo espec\u00edfico de corpo brasileiro.<\/li>\r\n            <li>Janelas de entrega garantidas para apoiar o lan\u00e7amento de lojas em todo o pa\u00eds.<\/li>\r\n          <\/ul>\r\n        <\/div>\r\n        <div class=\"xyy-col-img\">\r\n          <img decoding=\"async\" src=\"https:\/\/images.unsplash.com\/photo-1534452203293-494d7ddbf7e0?q=80&w=1000\" alt=\"Retail Success\">\r\n        <\/div>\r\n      <\/div>\r\n    <\/div>\r\n  <\/section>\r\n\r\n  <!-- Case Study 2: Brands -->\r\n  <section id=\"case-brands\" class=\"xyy-section xyy-bg-light\">\r\n    <div class=\"xyy-container\">\r\n      <div class=\"xyy-row reverse animate-on-scroll\">\r\n        <div class=\"xyy-col-text\">\r\n          <h2 class=\"xyy-main-h2\">Pellini - Besni - Parcerias TNG<\/h2>\r\n          <p>O atendimento simult\u00e2neo a v\u00e1rias marcas brasileiras exige grande flexibilidade. Mantemos protocolos de desenvolvimento separados para cada marca a fim de garantir a exclusividade de estilo e a consist\u00eancia da qualidade.<\/p>\r\n          <div class=\"xyy-sol-grid\">\r\n            <div class=\"xyy-sol-card\"><h4>P&amp;D sazonal<\/h4><p>Desenvolvimento cont\u00ednuo para lan\u00e7amentos de novas tend\u00eancias.<\/p><\/div>\r\n            <div class=\"xyy-sol-card\"><h4>Controle de qualidade<\/h4><p>Consist\u00eancia em lotes de produ\u00e7\u00e3o em massa.<\/p><\/div>\r\n          <\/div>\r\n        <\/div>\r\n        <div class=\"xyy-col-img\">\r\n          <img decoding=\"async\" src=\"https:\/\/images.unsplash.com\/photo-1441986300917-64674bd600d8?q=80&w=1000\" alt=\"Brand Success\">\r\n        <\/div>\r\n      <\/div>\r\n    <\/div>\r\n  <\/section>\r\n\r\n  <!-- Case Study 3: Wholesalers -->\r\n  <section id=\"case-wholesalers\" class=\"xyy-section\">\r\n    <div class=\"xyy-container\">\r\n      <div class=\"xyy-row animate-on-scroll\">\r\n        <div class=\"xyy-col-text\">\r\n          <h2 class=\"xyy-main-h2\">Suporte a atacadistas internacionais<\/h2>\r\n          <p>Atendendo aos mercados da Europa e do Oriente M\u00e9dio com pedidos de grandes lotes de alta efici\u00eancia. Nossa integra\u00e7\u00e3o na cadeia industrial garante a estabilidade de pre\u00e7os mesmo durante as flutua\u00e7\u00f5es globais de materiais.<\/p>\r\n          <ul class=\"xyy-check-list\">\r\n            <li>Gerenciamento de lotes grandes e multi-SKU.<\/li>\r\n            <li>Competitividade de pre\u00e7os por meio da integra\u00e7\u00e3o da cadeia.<\/li>\r\n            <li>Conformidade com v\u00e1rios mercados (padr\u00f5es da UE, ME e SA).<\/li>\r\n          <\/ul>\r\n        <\/div>\r\n        <div class=\"xyy-col-img\">\r\n          <img decoding=\"async\" src=\"https:\/\/images.unsplash.com\/photo-1586528116311-ad8dd3c8310d?q=80&w=1000\" alt=\"Global Supply\">\r\n        <\/div>\r\n      <\/div>\r\n    <\/div>\r\n  <\/section>\r\n\r\n  <!-- CTA Section -->\r\n  <section class=\"xyy-cta-industrial animate-on-scroll\">\r\n    <div class=\"xyy-container\">\r\n      <h2>Forjar uma cadeia de suprimentos resiliente<\/h2>\r\n      <p style=\"font-size: 1.25rem; opacity: 0.8; margin-bottom: 40px;\">Solu\u00e7\u00f5es de fabrica\u00e7\u00e3o especializadas para varejistas, marcas e distribuidores em todo o mundo.<\/p>\r\n      <a href=\"\/pt\/contact-us\/\" class=\"xyy-btn-red\">Entre em contato com a nossa equipe<\/a>\r\n    <\/div>\r\n  <\/section>\r\n<\/main>\r\n<script>\r\n  document.addEventListener('DOMContentLoaded', function() {\r\n    document.getElementById('currentYear').textContent = new Date().getFullYear();\r\n    const observer = new IntersectionObserver((entries) => {\r\n      entries.forEach(entry => {\r\n        if (entry.isIntersecting) {\r\n          entry.target.classList.add('is-visible');\r\n        }\r\n      });\r\n    }, { threshold: 0.1 });\r\n    document.querySelectorAll('.animate-on-scroll').forEach(el => observer.observe(el));\r\n  });\r\n<\/script>\n\t\t<\/div>\n\t<\/div>\n<\/div><\/div><\/div><\/div><div class=\"vc_row-full-width vc_clearfix\"><\/div>\n<\/div>","protected":false},"excerpt":{"rendered":"Our Global Success Stories 30 years of manufacturing excellence. We provide stable, reliable manufacturing capabilities and serve as a trustworthy","protected":false},"author":1,"featured_media":0,"parent":0,"menu_order":0,"comment_status":"closed","ping_status":"closed","template":"","meta":{"footnotes":""},"class_list":["post-9505","page","type-page","status-publish","hentry"],"_hostinger_reach_plugin_has_subscription_block":false,"_hostinger_reach_plugin_is_elementor":false,"_links":{"self":[{"href":"https:\/\/xyy.cn\/pt\/wp-json\/wp\/v2\/pages\/9505","targetHints":{"allow":["GET"]}}],"collection":[{"href":"https:\/\/xyy.cn\/pt\/wp-json\/wp\/v2\/pages"}],"about":[{"href":"https:\/\/xyy.cn\/pt\/wp-json\/wp\/v2\/types\/page"}],"author":[{"embeddable":true,"href":"https:\/\/xyy.cn\/pt\/wp-json\/wp\/v2\/users\/1"}],"replies":[{"embeddable":true,"href":"https:\/\/xyy.cn\/pt\/wp-json\/wp\/v2\/comments?post=9505"}],"version-history":[{"count":10,"href":"https:\/\/xyy.cn\/pt\/wp-json\/wp\/v2\/pages\/9505\/revisions"}],"predecessor-version":[{"id":9569,"href":"https:\/\/xyy.cn\/pt\/wp-json\/wp\/v2\/pages\/9505\/revisions\/9569"}],"wp:attachment":[{"href":"https:\/\/xyy.cn\/pt\/wp-json\/wp\/v2\/media?parent=9505"}],"curies":[{"name":"wp","href":"https:\/\/api.w.org\/{rel}","templated":true}]}}