{"id":9597,"date":"2026-03-28T08:36:30","date_gmt":"2026-03-28T08:36:30","guid":{"rendered":"https:\/\/xyy.cn\/product\/mens-casual-sports-set-hoodie-pants-b300957\/"},"modified":"2026-03-31T02:44:34","modified_gmt":"2026-03-31T02:44:34","slug":"mens-casual-sports-set-hoodie-pants-b300957","status":"publish","type":"product","link":"https:\/\/xyy.cn\/pt\/product\/mens-casual-sports-set-hoodie-pants-b300957\/","title":{"rendered":"Conjunto esportivo casual masculino (moletom + cal\u00e7a) B300957"},"content":{"rendered":"","protected":false},"excerpt":{"rendered":"<div class=\"oempro-text\">\nEsse conjunto masculino \u00e9 feito com tecido confort\u00e1vel e dur\u00e1vel, apresentando um design simples e pr\u00e1tico. A combina\u00e7\u00e3o de jaqueta e cal\u00e7a \u00e9 adequada para uso di\u00e1rio, esportes e distribui\u00e7\u00e3o no atacado.\n<\/div>\n<div class=\"oempro-grid\">\n<div class=\"oempro-card\">\n<div class=\"oempro-card-title\">Projeto completo do cen\u00e1rio<\/div>\n<div class=\"oempro-card-text\">\nA combina\u00e7\u00e3o de jaqueta e cal\u00e7a oferece uma solu\u00e7\u00e3o pronta para venda que \u00e9 f\u00e1cil para os mercados de varejo e atacado.\n<\/div>\n<\/div>\n<div class=\"oempro-card\">\n<div class=\"oempro-card-title\">Tecido dur\u00e1vel<\/div>\n<div class=\"oempro-card-text\">\nFeito de tecido dur\u00e1vel e confort\u00e1vel, adequado para uso di\u00e1rio prolongado.\n<\/div>\n<\/div>\n<div class=\"oempro-card\">\n<div class=\"oempro-card-title\">Jaqueta moderna com capuz<\/div>\n<div class=\"oempro-card-text\">\nO design da jaqueta com capuz acrescenta um visual esportivo e moderno e, ao mesmo tempo, oferece prote\u00e7\u00e3o leve.\n<\/div>\n<\/div>\n<div class=\"oempro-card\">\n<div class=\"oempro-card-title\">Bolsos pr\u00e1ticos com z\u00edper<\/div>\n<div class=\"oempro-card-text\">\nOs bolsos seguros com z\u00edper oferecem armazenamento conveniente para pequenos itens de uso di\u00e1rio.\n<\/div>\n<\/div>\n<div class=\"oempro-card\">\n<div class=\"oempro-card-title\">C\u00f3s el\u00e1stico<\/div>\n<div class=\"oempro-card-text\">\nO c\u00f3s el\u00e1stico com cord\u00e3o ajust\u00e1vel garante um ajuste confort\u00e1vel e flex\u00edvel.\n<\/div>\n<\/div>\n<div class=\"oempro-card\">\n<div class=\"oempro-card-title\">V\u00e1rias op\u00e7\u00f5es de cores<\/div>\n<div class=\"oempro-card-text\">\nDispon\u00edvel em uma variedade de cores para atender a diferentes demandas do mercado e cole\u00e7\u00f5es de marcas.\n<\/div>\n<\/div>\n<\/div>","protected":false},"featured_media":9667,"comment_status":"closed","ping_status":"closed","template":"","meta":[],"product_brand":[],"product_cat":[69,77],"product_tag":[],"class_list":{"0":"post-9597","1":"product","2":"type-product","3":"status-publish","4":"has-post-thumbnail","6":"product_cat-men","7":"product_cat-suit","9":"first","10":"instock","11":"shipping-taxable","12":"product-type-simple"},"_links":{"self":[{"href":"https:\/\/xyy.cn\/pt\/wp-json\/wp\/v2\/product\/9597","targetHints":{"allow":["GET"]}}],"collection":[{"href":"https:\/\/xyy.cn\/pt\/wp-json\/wp\/v2\/product"}],"about":[{"href":"https:\/\/xyy.cn\/pt\/wp-json\/wp\/v2\/types\/product"}],"replies":[{"embeddable":true,"href":"https:\/\/xyy.cn\/pt\/wp-json\/wp\/v2\/comments?post=9597"}],"wp:featuredmedia":[{"embeddable":true,"href":"https:\/\/xyy.cn\/pt\/wp-json\/wp\/v2\/media\/9667"}],"wp:attachment":[{"href":"https:\/\/xyy.cn\/pt\/wp-json\/wp\/v2\/media?parent=9597"}],"wp:term":[{"taxonomy":"product_brand","embeddable":true,"href":"https:\/\/xyy.cn\/pt\/wp-json\/wp\/v2\/product_brand?post=9597"},{"taxonomy":"product_cat","embeddable":true,"href":"https:\/\/xyy.cn\/pt\/wp-json\/wp\/v2\/product_cat?post=9597"},{"taxonomy":"product_tag","embeddable":true,"href":"https:\/\/xyy.cn\/pt\/wp-json\/wp\/v2\/product_tag?post=9597"}],"curies":[{"name":"wp","href":"https:\/\/api.w.org\/{rel}","templated":true}]}}