{"id":9531,"date":"2026-03-18T09:17:08","date_gmt":"2026-03-18T09:17:08","guid":{"rendered":"https:\/\/xyy.cn\/?page_id=9531"},"modified":"2026-04-10T07:22:29","modified_gmt":"2026-04-10T07:22:29","slug":"brasil","status":"publish","type":"page","link":"https:\/\/xyy.cn\/zh\/brasil\/","title":{"rendered":"\u5df4\u897f"},"content":{"rendered":"<div class=\"wpb-content-wrapper\"><div data-vc-full-width=\"true\" data-vc-full-width-temp=\"true\" data-vc-full-width-init=\"false\" data-vc-stretch-content=\"true\" class=\"vc_row wpb_row vc_row-fluid vc_row-no-padding wd-rs-69bbb2f49b62f wd-section-stretch-content-no-pd\"><div class=\"wpb_column vc_column_container vc_col-sm-12\"><div class=\"vc_column-inner\"><div class=\"wpb_wrapper\">\n\t<div class=\"wpb_raw_code wpb_raw_html wpb_content_element\" >\n\t\t<div class=\"wpb_wrapper\">\n\t\t\t<!-- WHO WE ARE -->\r\n<section class=\"about-section\">\r\n<div class=\"about-container\">\r\n\r\n<div class=\"about-grid\">\r\n\r\n<div class=\"about-text\">\r\n\r\n<h2>\u6211\u4eec\u662f\u8c01<\/h2>\r\n\r\n<p>\r\n\u6210\u7acb\u4e8e 2012 \u5e74\uff0c\u603b\u90e8\u4f4d\u4e8e\u5723\u4fdd\u7f57\u3001,\r\n<strong>X.Y.Y. Importa\u00e7\u00e3o e Exporta\u00e7\u00e3o Ltda.<\/strong>\r\n\u662f\u4e00\u5bb6\u4e13\u6ce8\u4e8e\u4e2d\u5df4\u8d38\u6613\u5408\u4f5c\u7684\u4e13\u4e1a\u8fdb\u51fa\u53e3\u4f01\u4e1a\u3002\n\u4e2d\u5df4\u8d38\u6613\u5408\u4f5c\u3002\r\n<\/p>\r\n\r\n<p>\r\n\u51ed\u501f\u5341\u591a\u5e74\u7684\u5e02\u573a\u7ecf\u9a8c\uff0c\u6211\u4eec\u5efa\u7acb\u4e86\n\u6210\u719f\u7684\u7eba\u7ec7\u670d\u88c5\u4f9b\u5e94\u94fe\uff0c\u5c06\u56fd\u9645\u91c7\u8d2d\u3001\u751f\u4ea7\u534f\u8c03\u548c\n\u56fd\u9645\u91c7\u8d2d\u3001\u751f\u4ea7\u534f\u8c03\u548c\u5df4\u897f\u672c\u5730\u5206\u9500\u3002\r\n<\/p>\r\n<p>\r\n    \u8be5\u516c\u53f8\u4e13\u95e8\u4ece\u4e8b\u670d\u88c5\u4ea7\u54c1\uff08\u5305\u62ec\u7537\u88c5\u3001\u5973\u88c5\u548c\u7ae5\u88c5\uff09\u7684\u8fdb\u51fa\u53e3\u8d38\u6613\u548c\u4f9b\u5e94\u94fe\u670d\u52a1\uff0c\u4e3a\u5df4\u897f\u5e02\u573a\u63d0\u4f9b\u4ece\u4ea7\u54c1\u91c7\u8d2d\u3001\u751f\u4ea7\u534f\u8c03\u5230\u4f9b\u5e94\u7ba1\u7406\u7684\u7efc\u5408\u89e3\u51b3\u65b9\u6848\u3002\n\u516c\u53f8\u4e3b\u8981\u4e3a\u5df4\u897f\u56fd\u5185\u670d\u88c5\u54c1\u724c\u3001\u5927\u578b\u8fde\u9501\u96f6\u552e\u5546\u3001\u6279\u53d1\u5546\u548c\u5546\u4e1a\u4f01\u4e1a\u63d0\u4f9b\u670d\u52a1\u3002\u901a\u8fc7\u4e0d\u65ad\u4f18\u5316\u4ea7\u54c1\u7ec4\u5408\u4ee5\u53ca\u5b8c\u5584\u8ba2\u5355\u7ba1\u7406\u548c\u7269\u6d41\u7cfb\u7edf\uff0c\u516c\u53f8\u5728\u4ea7\u54c1\u7ec4\u7ec7\u3001\u4f9b\u5e94\u6548\u7387\u548c\u4ea4\u4ed8\u80fd\u529b\u65b9\u9762\u79ef\u7d2f\u4e86\u4e30\u5bcc\u7684\u7ecf\u9a8c\u3002\r\n<\/p>\r\n<p>\u5728\u4e1a\u52a1\u53d1\u5c55\u8fc7\u7a0b\u4e2d\uff0c\u516c\u53f8\u4e0d\u65ad\u5efa\u7acb\u548c\u7ba1\u7406\u81ea\u5df1\u7684\u4e13\u6709\u54c1\u724c\uff0c\u5982 KINGSAIL \u548c SOHOLO\u3002\u516c\u53f8\u7684\u4ea7\u54c1\u7ec4\u5408\u6db5\u76d6\u591a\u4e2a\u670d\u88c5\u7c7b\u522b\uff0c\u81f4\u529b\u4e8e\u4e3a\u5e02\u573a\u63d0\u4f9b\u7269\u8d85\u6240\u503c\u3001\u8d28\u91cf\u7a33\u5b9a\u3001\u7b26\u5408\u5f53\u5730\u6d88\u8d39\u8005\u9700\u6c42\u7684\u4ea7\u54c1\u3002\n\u901a\u8fc7\u6218\u7565\u6027\u7684\u54c1\u724c\u5efa\u8bbe\u548c\u4f9b\u5e94\u94fe\u6574\u5408\uff0c\u516c\u53f8\u4e0d\u65ad\u589e\u5f3a\u4ea7\u54c1\u7684\u7ade\u4e89\u529b\uff0c\u4ece\u800c\u4e3a\u5408\u4f5c\u4f19\u4f34\u63d0\u4f9b\u66f4\u52a0\u7a33\u5b9a\u53ef\u9760\u7684\u4ea7\u54c1\u9009\u62e9\u3002<\/p>\r\n<\/div>\r\n\r\n<div class=\"about-image\">\r\n<img decoding=\"async\" src=\"\/wp-content\/uploads\/2026\/03\/\u56fe\u7247-3-2.png\" alt=\"S\u00e3o Paulo Office\">\r\n<\/div>\r\n\r\n<\/div>\r\n\r\n<\/div>\r\n<\/section>\r\n\r\n\r\n\r\n<!-- WHAT WE DO -->\r\n<section class=\"about-section light-bg\">\r\n\r\n<div class=\"about-container\">\r\n\r\n<h2 class=\"center-title\">\u6211\u4eec\u80fd\u505a\u4ec0\u4e48<\/h2>\r\n\r\n<div class=\"card-grid\">\r\n\r\n<div class=\"info-card\">\r\n<h3>\u670d\u88c5\u4f9b\u5e94\u94fe<\/h3>\r\n<p>\u7537\u88c5\u3001\u5973\u88c5\u548c\u7ae5\u88c5\u7684\u7efc\u5408\u91c7\u8d2d\u548c\u751f\u4ea7\u534f\u8c03\u3002<\/p>\r\n<\/div>\r\n\r\n<div class=\"info-card\">\r\n<h3>\u96f6\u552e\u4e0e\u6279\u53d1\u652f\u6301<\/h3>\r\n<p>\u4e3a\u5df4\u897f\u96f6\u552e\u8fde\u9501\u5e97\u3001\u6279\u53d1\u5546\u548c\u5546\u4e1a\u7cfb\u7edf\u63d0\u4f9b\u670d\u52a1\u3002<\/p>\r\n<\/div>\r\n\r\n<div class=\"info-card\">\r\n<h3>\u56fd\u9645\u91c7\u8d2d<\/h3>\r\n<p>\u76f4\u63a5\u4ece\u4e2d\u56fd\u91c7\u8d2d\uff0c\u5e76\u8fdb\u884c\u8d28\u91cf\u63a7\u5236\u548c\u4f9b\u5e94\u94fe\u7ba1\u7406\u3002<\/p>\r\n<\/div>\r\n\r\n<\/div>\r\n\r\n<\/div>\r\n<\/section>\r\n\r\n\r\n\r\n<!-- BRANDS -->\r\n<section class=\"about-section\">\r\n\r\n<div class=\"about-container\">\r\n\r\n<h2 class=\"center-title\">\u6211\u4eec\u7684\u54c1\u724c<\/h2>\r\n\r\n<p class=\"center-desc\">\r\n\u6211\u4eec\u7ecf\u8425\u7684\u72ec\u7acb\u54c1\u724c\u65e8\u5728\u6ee1\u8db3\u5df4\u897f\u5e02\u573a\u7684\n\u7684\u9700\u6c42\u3002\r\n<\/p>\r\n\r\n<div class=\"brand-box\">\r\n\r\n<span><img decoding=\"async\" src=\"https:\/\/xyy.cn\/wp-content\/uploads\/2026\/04\/1e0c0670-912c-4ae0-9e83-b84bee979fbf1.png\"><\/span>\r\n\r\n\r\n<\/div>\r\n\r\n<\/div>\r\n<\/section>\r\n\r\n\r\n\r\n<!-- LOGISTICS -->\r\n<section class=\"about-section light-bg\">\r\n\r\n<div class=\"about-container\">\r\n\r\n<h2 class=\"center-title\">\u7269\u6d41\u4e0e\u4ed3\u50a8<\/h2>\r\n\r\n<p class=\"center-desc\">\r\n\u6211\u4eec\u4f4d\u4e8e\u5723\u5361\u5854\u7433\u5a1c\u5dde Navegantes \u7684\u7269\u6d41\u67a2\u7ebd\u53ef\u786e\u4fdd\n\u5728\u5df4\u897f\u5168\u5883\u5b9e\u73b0\u9ad8\u6548\u5b58\u50a8\u548c\u5feb\u901f\u914d\u9001\u3002\r\n<\/p>\r\n\r\n<div class=\"card-grid\">\r\n\r\n<div class=\"info-card\">\r\n\r\n<h3>\u6258\u76d8\u5b58\u50a8\u7cfb\u7edf<\/h3>\r\n\r\n<p>\r\n\u4e13\u4e1a\u7684 Porta-Palete \u6258\u76d8\u5f0f\u8d27\u67b6\u7cfb\u7edf\n\u5b9e\u73b0\u9ad8\u5bc6\u5ea6\u5b58\u50a8\u548c\u9ad8\u6548\u5e93\u5b58\u63a7\u5236\u3002\r\n<\/p>\r\n\r\n<\/div>\r\n\r\n<div class=\"info-card\">\r\n\r\n<h3>\u5feb\u901f\u4ea4\u4ed8<\/h3>\r\n\r\n<p>\r\n\u672c\u5730\u4ed3\u50a8\u53ef\u7075\u6d3b\u8865\u8d27\u3001\n\u7f29\u77ed\u4ea4\u8d27\u65f6\u95f4\uff0c\u4e3a\u5408\u4f5c\u4f19\u4f34\u63d0\u4f9b\u7a33\u5b9a\u7684\u4f9b\u5e94\u3002\r\n<\/p>\r\n\r\n<\/div>\r\n\r\n<\/div>\r\n\r\n<\/div>\r\n<\/section>\r\n\r\n\r\n\r\n<!-- STRENGTH -->\r\n<section class=\"about-section dark-bg\">\r\n\r\n<div class=\"about-container\">\r\n\r\n<div class=\"about-grid\">\r\n\r\n<div>\r\n\r\n<h2 style=\"color:white\">\u6211\u4eec\u7684\u4f18\u52bf<\/h2>\r\n\r\n<ul class=\"strength-list\">\r\n\r\n<li>\u5728\u5df4\u897f\u670d\u88c5\u5e02\u573a\u62e5\u6709 10 \u5e74\u4ee5\u4e0a\u7684\u7ecf\u9a8c<\/li>\r\n<li>\u4e2d\u56fd\u5236\u9020 + \u5df4\u897f\u672c\u5730\u8fd0\u8425<\/li>\r\n<li>\u5f3a\u5927\u7684\u96f6\u552e\u5408\u4f5c\u4f19\u4f34\u5173\u7cfb<\/li>\r\n<li>\u7a33\u5b9a\u7684\u4f9b\u5e94\u94fe\u7f51\u7edc<\/li>\r\n\r\n<\/ul>\r\n\r\n<\/div>\r\n\r\n<div>\r\n\r\n<h2 style=\"color:white\">\u6211\u4eec\u7684\u4f7f\u547d<\/h2>\r\n\r\n<p style=\"color:white\">\r\n\r\n\u6211\u4eec\u4e25\u683c\u9075\u5b88\u5df4\u897f\u548c\u56fd\u9645\u8d38\u6613\u6cd5\u89c4\u3001\n\u5728\u786e\u4fdd\u900f\u660e\u5ea6\u548c\u53ef\u6301\u7eed\u8fd0\u8425\u7684\u540c\u65f6\n\u901a\u8fc7\u9ad8\u8d28\u91cf\u7684\u670d\u88c5\u4f9b\u5e94\u52a0\u5f3a\u4e2d\u5df4\u7ecf\u6d4e\u5408\u4f5c\u3002\r\n\r\n<\/p>\r\n\r\n<\/div>\r\n\r\n<\/div>\r\n\r\n<\/div>\r\n<\/section>\r\n\r\n\r\n\r\n\r\n<!-- CONTACT -->\r\n<section class=\"about-section\">\r\n\r\n<div class=\"about-container\">\r\n\r\n<h2 class=\"center-title\">\u5df4\u897f\u516c\u53f8\u4fe1\u606f<\/h2>\r\n\r\n<div class=\"contact-grid\">\r\n\r\n<div class=\"contact-card\">\r\n\r\n<h3>\u8054\u7cfb\u4fe1\u606f<\/h3>\r\n\r\n<p>\ud83d\udccd R. Para\u00edba, 200 - Sala 34, Br\u00e1s, S\u00e3o Paulo<\/p>\r\n<p>\ud83d\udcde +55 11 2694-0292<\/p>\r\n<p>Samuel@kingsail.com.br<\/p>\r\n\r\n<\/div>\r\n\r\n<div class=\"contact-card\">\r\n\r\n<h3>\u4e0e\u6211\u4eec\u8054\u7cfb<\/h3>\r\n\r\n<div class=\"social-buttons\">\r\n\r\n<a href=\"https:\/\/wa.me\/551126940292\"><svg t=\"1774667328179\" class=\"icon\" viewbox=\"0 0 1024 1024\" version=\"1.1\" xmlns=\"http:\/\/www.w3.org\/2000\/svg\" p-id=\"4756\" width=\"28\" height=\"28\"><path d=\"M713.5 599.9c-10.9-5.6-65.2-32.2-75.3-35.8-10.1-3.8-17.5-5.6-24.8 5.6-7.4 11.1-28.4 35.8-35 43.3-6.4 7.4-12.9 8.3-23.8 2.8-64.8-32.4-107.3-57.8-150-131.1-11.3-19.5 11.3-18.1 32.4-60.2 3.6-7.4 1.8-13.7-1-19.3-2.8-5.6-24.8-59.8-34-81.9-8.9-21.5-18.1-18.5-24.8-18.9-6.4-0.4-13.7-0.4-21.1-0.4-7.4 0-19.3 2.8-29.4 13.7-10.1 11.1-38.6 37.8-38.6 92s39.5 106.7 44.9 114.1c5.6 7.4 77.7 118.6 188.4 166.5 70 30.2 97.4 32.8 132.4 27.6 21.3-3.2 65.2-26.6 74.3-52.5 9.1-25.8 9.1-47.9 6.4-52.5-2.7-4.9-10.1-7.7-21-13z\" p-id=\"4757\"><\/path><path d=\"M925.2 338.4c-22.6-53.7-55-101.9-96.3-143.3-41.3-41.3-89.5-73.8-143.3-96.3C630.6 75.7 572.2 64 512 64h-2c-60.6 0.3-119.3 12.3-174.5 35.9-53.3 22.8-101.1 55.2-142 96.5-40.9 41.3-73 89.3-95.2 142.8-23 55.4-34.6 114.3-34.3 174.9 0.3 69.4 16.9 138.3 48 199.9v152c0 25.4 20.6 46 46 46h152.1c61.6 31.1 130.5 47.7 199.9 48h2.1c59.9 0 118-11.6 172.7-34.3 53.5-22.3 101.6-54.3 142.8-95.2 41.3-40.9 73.8-88.7 96.5-142 23.6-55.2 35.6-113.9 35.9-174.5 0.3-60.9-11.5-120-34.8-175.6z m-151.1 438C704 845.8 611 884 512 884h-1.7c-60.3-0.3-120.2-15.3-173.1-43.5l-8.4-4.5H188V695.2l-4.5-8.4C155.3 633.9 140.3 574 140 513.7c-0.4-99.7 37.7-193.3 107.6-263.8 69.8-70.5 163.1-109.5 262.8-109.9h1.7c50 0 98.5 9.7 144.2 28.9 44.6 18.7 84.6 45.6 119 80 34.3 34.3 61.3 74.4 80 119 19.4 46.2 29.1 95.2 28.9 145.8-0.6 99.6-39.7 192.9-110.1 262.7z\" p-id=\"4758\"><\/path><\/svg><\/a>\r\n\r\n<a href=\"https:\/\/www.instagram.com\/kingsailmodaatacado\/\"><svg t=\"1774667345544\" class=\"icon\" viewbox=\"0 0 1024 1024\" version=\"1.1\" xmlns=\"http:\/\/www.w3.org\/2000\/svg\" p-id=\"5793\" width=\"28\" height=\"28\"><path d=\"M512 306.9c-113.5 0-205.1 91.6-205.1 205.1S398.5 717.1 512 717.1 717.1 625.5 717.1 512 625.5 306.9 512 306.9z m0 338.4c-73.4 0-133.3-59.9-133.3-133.3S438.6 378.7 512 378.7 645.3 438.6 645.3 512 585.4 645.3 512 645.3zM725.5 250.7c-26.5 0-47.9 21.4-47.9 47.9s21.4 47.9 47.9 47.9 47.9-21.3 47.9-47.9c-0.1-26.6-21.4-47.9-47.9-47.9z\" p-id=\"5794\"><\/path><path d=\"M911.8 512c0-55.2 0.5-109.9-2.6-165-3.1-64-17.7-120.8-64.5-167.6-46.9-46.9-103.6-61.4-167.6-64.5-55.2-3.1-109.9-2.6-165-2.6-55.2 0-109.9-0.5-165 2.6-64 3.1-120.8 17.7-167.6 64.5C132.6 226.3 118.1 283 115 347c-3.1 55.2-2.6 109.9-2.6 165s-0.5 109.9 2.6 165c3.1 64 17.7 120.8 64.5 167.6 46.9 46.9 103.6 61.4 167.6 64.5 55.2 3.1 109.9 2.6 165 2.6 55.2 0 109.9 0.5 165-2.6 64-3.1 120.8-17.7 167.6-64.5 46.9-46.9 61.4-103.6 64.5-167.6 3.2-55.1 2.6-109.8 2.6-165z m-88 235.8c-7.3 18.2-16.1 31.8-30.2 45.8-14.1 14.1-27.6 22.9-45.8 30.2C695.2 844.7 570.3 840 512 840c-58.3 0-183.3 4.7-235.9-16.1-18.2-7.3-31.8-16.1-45.8-30.2-14.1-14.1-22.9-27.6-30.2-45.8C179.3 695.2 184 570.3 184 512c0-58.3-4.7-183.3 16.1-235.9 7.3-18.2 16.1-31.8 30.2-45.8s27.6-22.9 45.8-30.2C328.7 179.3 453.7 184 512 184s183.3-4.7 235.9 16.1c18.2 7.3 31.8 16.1 45.8 30.2 14.1 14.1 22.9 27.6 30.2 45.8C844.7 328.7 840 453.7 840 512c0 58.3 4.7 183.2-16.2 235.8z\" p-id=\"5795\"><\/path><\/svg><\/a>\r\n\r\n<a href=\"https:\/\/www.facebook.com\/profile.php?id=61582161901229\"><svg t=\"1774667360923\" class=\"icon\" viewbox=\"0 0 1024 1024\" version=\"1.1\" xmlns=\"http:\/\/www.w3.org\/2000\/svg\" p-id=\"6827\" width=\"28\" height=\"28\"><path d=\"M880 112H144c-17.7 0-32 14.3-32 32v736c0 17.7 14.3 32 32 32h736c17.7 0 32-14.3 32-32V144c0-17.7-14.3-32-32-32z m-32 736H663.9V602.2h104l15.6-120.7H663.9v-77.1c0-35 9.7-58.8 59.8-58.8h63.9v-108c-11.1-1.5-49-4.8-93.2-4.8-92.2 0-155.3 56.3-155.3 159.6v89H434.9v120.7h104.3V848H176V176h672v672z\" p-id=\"6828\"><\/path><\/svg><\/a>\r\n\r\n<\/div>\r\n\r\n<\/div>\r\n\r\n<\/div>\r\n\r\n<\/div>\r\n<\/section>\r\n\r\n<style>\r\n\r\n.about-container{\r\nmax-width:1600px;\r\nmargin:auto;\r\n}\r\n\r\n.about-section{\r\nbackground:#fff;\r\n}\r\n\r\n.light-bg{\r\nbackground:#f7f7f7;\r\n}\r\n\r\n.dark-bg{\r\nbackground:#111;\r\ncolor:#fff;\r\n}\r\n\r\n.about-grid{\r\ndisplay:grid;\r\ngrid-template-columns:1fr 1fr;\r\ngap:60px;.social-buttons\r\nalign-items:center;\r\n}\r\n\r\n.about-image img{\r\nwidth:100%;\r\nborder-radius:8px;\r\n}\r\n\r\n.center-title{\r\ntext-align:center;\r\nmargin-bottom:20px;\r\n}\r\n\r\n.center-desc{\r\ntext-align:center;\r\nmax-width:650px;\r\nmargin:auto;\r\nmargin-bottom:40px;\r\ncolor:#666;\r\n}\r\n\r\n.card-grid{\r\ndisplay:grid;\r\ngrid-template-columns:repeat(auto-fit,minmax(250px,1fr));\r\ngap:25px;\r\n}\r\n\r\n.info-card{\r\nbackground:#fff;\r\npadding:30px;\r\nborder-radius:8px;\r\nbox-shadow:0 5px 15px rgba(0,0,0,0.05);\r\n}\r\n\r\n.brand-box{\r\ndisplay:flex;\r\njustify-content:center;\r\ngap:20px;\r\nmargin-top:30px;\r\n}\r\n\r\n.brand-box span{\r\npadding:10px 20px;\r\nborder:1px solid #ddd;\r\nborder-radius:6px;\r\nfont-weight:600;\r\n}\r\n\r\n.strength-list{\r\npadding-left:18px;\r\n}\r\n\r\n.product-cta{\r\nbackground:#d2010d;\r\ncolor:white;\r\ntext-align:center;\r\n}\r\n\r\n.cta-btn{\r\ndisplay:inline-block;\r\nmargin-top:20px;\r\npadding:12px 28px;\r\nbackground:white;\r\ncolor:#d2010d;\r\nborder-radius:6px;\r\ntext-decoration:none;\r\nfont-weight:600;\r\n}\r\n\r\n.contact-grid{\r\ndisplay:grid;\r\ngrid-template-columns:1fr 1fr;\r\ngap:30px;\r\nmargin-top:40px;\r\n}\r\n\r\n.contact-card{\r\npadding:30px;\r\nborder:1px solid #eee;\r\nborder-radius:8px;\r\n}\r\n.social-buttons{\r\n    display:flex;\r\n    flex-direction: unset;\r\n    flex-wrap:nowrap;\r\n}\r\n.social-buttons a{\r\n    \r\ndisplay:inline-block;\r\nmargin-right:10px;\r\nmargin-top:10px;\r\npadding:10px 18px;\r\nbackground:#f3f3f3;\r\nborder-radius:6px;\r\ntext-decoration:none;\r\nwidth:32.3%;\r\n}\r\n.social-buttons a{position:relative}\r\n .social-buttons svg{position: relative;\r\n\t\t\ttop: 2px;}\r\n@media(max-width:768px){\r\n\r\n.about-grid{\r\ngrid-template-columns:1fr;\r\n}\r\n\r\n.contact-grid{\r\ngrid-template-columns:1fr;\r\n}\r\n\r\n}\r\n\r\n<\/style>\n\t\t<\/div>\n\t<\/div>\n<\/div><\/div><\/div><\/div><div class=\"vc_row-full-width vc_clearfix\"><\/div>\n<\/div>","protected":false},"excerpt":{"rendered":"Who We Are Established in 2012 and headquartered in S\u00e3o Paulo, X.Y.Y. Importa\u00e7\u00e3o e Exporta\u00e7\u00e3o Ltda. is a professional import","protected":false},"author":1,"featured_media":0,"parent":0,"menu_order":0,"comment_status":"closed","ping_status":"closed","template":"","meta":{"footnotes":""},"class_list":["post-9531","page","type-page","status-publish","hentry"],"_hostinger_reach_plugin_has_subscription_block":false,"_hostinger_reach_plugin_is_elementor":false,"_links":{"self":[{"href":"https:\/\/xyy.cn\/zh\/wp-json\/wp\/v2\/pages\/9531","targetHints":{"allow":["GET"]}}],"collection":[{"href":"https:\/\/xyy.cn\/zh\/wp-json\/wp\/v2\/pages"}],"about":[{"href":"https:\/\/xyy.cn\/zh\/wp-json\/wp\/v2\/types\/page"}],"author":[{"embeddable":true,"href":"https:\/\/xyy.cn\/zh\/wp-json\/wp\/v2\/users\/1"}],"replies":[{"embeddable":true,"href":"https:\/\/xyy.cn\/zh\/wp-json\/wp\/v2\/comments?post=9531"}],"version-history":[{"count":16,"href":"https:\/\/xyy.cn\/zh\/wp-json\/wp\/v2\/pages\/9531\/revisions"}],"predecessor-version":[{"id":10008,"href":"https:\/\/xyy.cn\/zh\/wp-json\/wp\/v2\/pages\/9531\/revisions\/10008"}],"wp:attachment":[{"href":"https:\/\/xyy.cn\/zh\/wp-json\/wp\/v2\/media?parent=9531"}],"curies":[{"name":"wp","href":"https:\/\/api.w.org\/{rel}","templated":true}]}}